{"id":32,"date":"2026-02-22T14:11:20","date_gmt":"2026-02-22T14:11:20","guid":{"rendered":"http:\/\/www.emmasjordemoderklinik.dk\/?page_id=32"},"modified":"2026-02-23T13:59:56","modified_gmt":"2026-02-23T13:59:56","slug":"emmas-jordemoderklinik","status":"publish","type":"page","link":"https:\/\/www.emmasjordemoderklinik.dk\/?page_id=32","title":{"rendered":"Emmas Jordemoderklinik"},"content":{"rendered":"\n<h3 class=\"wp-block-heading has-secondary-color has-text-color has-link-color wp-elements-53a01036efc0108aec38211ae9cba81f\" style=\"font-size:clamp(17.905px, 1.119rem + ((1vw - 3.2px) * 0.893), 28px);letter-spacing:1px\">EMMAS JORDEMODERKLINIK &#8211; EN KLINIK I HJERTET AF AARHUS<\/h3>\n\n\n\n<p class=\"has-text-color has-link-color has-medium-font-size wp-elements-5cea370af33324b327071a3b1c479477 wp-block-paragraph\" style=\"color:#bb9999;letter-spacing:1px\">Velkommen til min klinik. I klinikken er tempoet skruet ned, s\u00e5 der er plads til dine sp\u00f8rgsm\u00e5l, tanker og behov. Uanset om du kommer til jordemodersamtale, massage eller en af mine \u00f8vrige ydelser, bliver du m\u00f8dt med omsorg, n\u00e6rv\u00e6r og faglighed.<\/p>\n\n\n\n<p class=\"has-text-color has-link-color has-medium-font-size wp-elements-9e795231cd2e858001347d4f1995e5cb wp-block-paragraph\" style=\"color:#bb9999;letter-spacing:1px\">Mit \u00f8nske er, at du g\u00e5r herfra med mere ro i kroppen, st\u00f8rre tillid til dig selv og en f\u00f8lelse af at v\u00e6re taget godt h\u00e5nd om. Her er ingen forhastede svar \u2013 kun tid, n\u00e6rv\u00e6r og st\u00f8tte, der tager udgangspunkt i netop dig. <br><br>Klinikken er lokaliseret midt i Aarhus C med gode forbindelser og parkeringsmuligheder. Jeg deler lokalerne med to sk\u00f8nne kvinder &#8211; Mette og Louise &#8211; og f\u00e6lles for os er, at vi br\u00e6nder for trivsel blandt gravide, nybagte m\u00f8dre, babyer og familier.  <\/p>\n\n\n\n<p class=\"wp-block-paragraph\"><\/p>\n","protected":false},"excerpt":{"rendered":"<p>EMMAS JORDEMODERKLINIK &#8211; EN KLINIK I HJERTET AF AARHUS Velkommen til min klinik. I klinikken er tempoet skruet ned, s\u00e5 der er plads til dine sp\u00f8rgsm\u00e5l, tanker og behov. Uanset om du kommer til jordemodersamtale, massage eller en af mine \u00f8vrige ydelser, bliver du m\u00f8dt med omsorg, n\u00e6rv\u00e6r og faglighed. Mit \u00f8nske er, at du &hellip; <\/p>\n<p class=\"link-more\"><a href=\"https:\/\/www.emmasjordemoderklinik.dk\/?page_id=32\" class=\"more-link\">L\u00e6s mere<span class=\"screen-reader-text\"> \u201cEmmas Jordemoderklinik\u201d<\/span><\/a><\/p>\n","protected":false},"author":1,"featured_media":0,"parent":0,"menu_order":0,"comment_status":"closed","ping_status":"closed","template":"","meta":{"_crdt_document":"","_inspiro_hide_title":false,"footnotes":""},"class_list":["post-32","page","type-page","status-publish","hentry"],"_links":{"self":[{"href":"https:\/\/www.emmasjordemoderklinik.dk\/index.php?rest_route=\/wp\/v2\/pages\/32","targetHints":{"allow":["GET"]}}],"collection":[{"href":"https:\/\/www.emmasjordemoderklinik.dk\/index.php?rest_route=\/wp\/v2\/pages"}],"about":[{"href":"https:\/\/www.emmasjordemoderklinik.dk\/index.php?rest_route=\/wp\/v2\/types\/page"}],"author":[{"embeddable":true,"href":"https:\/\/www.emmasjordemoderklinik.dk\/index.php?rest_route=\/wp\/v2\/users\/1"}],"replies":[{"embeddable":true,"href":"https:\/\/www.emmasjordemoderklinik.dk\/index.php?rest_route=%2Fwp%2Fv2%2Fcomments&post=32"}],"version-history":[{"count":5,"href":"https:\/\/www.emmasjordemoderklinik.dk\/index.php?rest_route=\/wp\/v2\/pages\/32\/revisions"}],"predecessor-version":[{"id":277,"href":"https:\/\/www.emmasjordemoderklinik.dk\/index.php?rest_route=\/wp\/v2\/pages\/32\/revisions\/277"}],"wp:attachment":[{"href":"https:\/\/www.emmasjordemoderklinik.dk\/index.php?rest_route=%2Fwp%2Fv2%2Fmedia&parent=32"}],"curies":[{"name":"wp","href":"https:\/\/api.w.org\/{rel}","templated":true}]}}