{"id":9,"date":"2026-02-19T12:24:16","date_gmt":"2026-02-19T12:24:16","guid":{"rendered":"http:\/\/www.emmasjordemoderklinik.dk\/?page_id=9"},"modified":"2026-02-24T06:26:08","modified_gmt":"2026-02-24T06:26:08","slug":"about","status":"publish","type":"page","link":"http:\/\/www.emmasjordemoderklinik.dk\/?page_id=9","title":{"rendered":"Behandlinger"},"content":{"rendered":"\n<h3 class=\"wp-block-heading has-secondary-color has-text-color has-link-color wp-elements-b254bab4090c9416c7e45a7fc1860614\" style=\"font-size:clamp(17.905px, 1.119rem + ((1vw - 3.2px) * 0.893), 28px);letter-spacing:1px\">BEHANDLINGER<\/h3>\n\n\n\n<p class=\"has-text-align-left has-text-color has-link-color has-medium-font-size wp-elements-a91179d49c115f8fb9f4572607562bd7 wp-block-paragraph\" id=\"inspiro-is-a-digital-product-agency-that-focuses-on-strategy-and-design\" style=\"border-style:none;border-width:0px;border-top-left-radius:0px;border-top-right-radius:0px;border-bottom-left-radius:0px;border-bottom-right-radius:0px;color:#bb9999;margin-right:var(--wp--preset--spacing--small);margin-left:var(--wp--preset--spacing--small);letter-spacing:1px;line-height:1.5\">Min klinik er skabt ud fra princippet om, at gravide og nybagte m\u00f8dre fortjener velv\u00e6re og ro, tid til n\u00e6rv\u00e6r og fordybelse i samtalen og til et sted at tage hen, n\u00e5r tanker og sp\u00e6ndinger skal lettes. Mit \u00f8nske er, at du g\u00e5r herfra med mere ro i kroppen, st\u00f8rre tillid til dig selv og en f\u00f8lelse af at v\u00e6re taget godt h\u00e5nd om. Her er ingen forhastede svar \u2013 kun tid, n\u00e6rv\u00e6r og st\u00f8tte, der tager udgangspunkt i netop dig. Emmas Jordemoderklinik er et sted, hvor du kan lande, tr\u00e6kke vejret og f\u00f8le dig tryg i en tid med store forandringer.<\/p>\n\n\n\n<div class=\"wp-block-columns alignwide is-layout-flex wp-container-core-columns-is-layout-0e47273b wp-block-columns-is-layout-flex\">\n<div class=\"wp-block-column is-layout-flow wp-block-column-is-layout-flow\">\n<figure class=\"wp-block-image aligncenter size-full is-resized\"><img fetchpriority=\"high\" decoding=\"async\" width=\"741\" height=\"927\" src=\"https:\/\/www.emmasjordemoderklinik.dk\/wp-content\/uploads\/2026\/02\/26-edited.jpg\" alt=\"\" class=\"wp-image-313\" style=\"width:319px;height:auto\" srcset=\"http:\/\/www.emmasjordemoderklinik.dk\/wp-content\/uploads\/2026\/02\/26-edited.jpg 741w, http:\/\/www.emmasjordemoderklinik.dk\/wp-content\/uploads\/2026\/02\/26-edited-240x300.jpg 240w\" sizes=\"(max-width: 741px) 100vw, 741px\" \/><\/figure>\n\n\n\n<p class=\"has-text-align-center has-secondary-color has-text-color has-link-color has-medium-font-size wp-elements-e3c3831456ff1c827dbfdab9a350f47d wp-block-paragraph\" style=\"letter-spacing:1px\"><a href=\"#\">Gravid &#8211; og efterf\u00f8dselsmassage<\/a><\/p>\n\n\n\n<p class=\"has-text-align-center has-text-color wp-block-paragraph\" style=\"color:#bb9999;letter-spacing:1px\">Massagen kan lindre sp\u00e6ndinger i ryg, l\u00e6nd, b\u00e6kken og skuldre, mindske uro i kroppen og give dig dyb afslapning.<br><br>&nbsp;Gravidmassagen tilpasses dit trimester, dine behov og hvordan din krop har det netop i dag \u2013 altid med fokus p\u00e5 komfort, tryghed og faglighed.<br><br> Efterf\u00f8dselsmassage tilpasses din krop, dit f\u00f8dselsforl\u00f8b og hvor du er i barslen \u2013 med fokus p\u00e5 tryghed, n\u00e6rv\u00e6r og faglig omsorg.<\/p>\n<\/div>\n\n\n\n<div class=\"wp-block-column has-text-color has-link-color wp-elements-954f2969136eec308b9d0e0481e425e3 is-layout-flow wp-block-column-is-layout-flow\" style=\"color:#d3364b\">\n<figure class=\"wp-block-image aligncenter size-large is-resized\"><img decoding=\"async\" width=\"819\" height=\"1024\" src=\"http:\/\/www.emmasjordemoderklinik.dk\/wp-content\/uploads\/2026\/02\/27-819x1024.jpg\" alt=\"\" class=\"wp-image-82\" style=\"aspect-ratio:0.7998153432936042;width:323px;height:auto\" srcset=\"http:\/\/www.emmasjordemoderklinik.dk\/wp-content\/uploads\/2026\/02\/27-819x1024.jpg 819w, http:\/\/www.emmasjordemoderklinik.dk\/wp-content\/uploads\/2026\/02\/27-240x300.jpg 240w, http:\/\/www.emmasjordemoderklinik.dk\/wp-content\/uploads\/2026\/02\/27.jpg 1080w\" sizes=\"(max-width: 819px) 100vw, 819px\" \/><\/figure>\n\n\n\n<p class=\"has-text-align-center has-secondary-color has-text-color has-link-color has-medium-font-size wp-elements-7d1db619173a9421294ef84e853e4e45 wp-block-paragraph\" style=\"letter-spacing:1px\"><a href=\"#\">Akupunktur<\/a><\/p>\n\n\n\n<p class=\"has-text-align-center has-text-color wp-block-paragraph\" style=\"color:#bb9999;letter-spacing:1px\">Akupunktur er en evidensbaseret praksis og anvendes til at lindre bl.a. graviditetskvalme, uro og til at modne kroppen, s\u00e5 den er klar til den forest\u00e5ende f\u00f8dsel.<br><br><br><br><br><br><br><\/p>\n<\/div>\n\n\n\n<div class=\"wp-block-column is-layout-flow wp-block-column-is-layout-flow\">\n<figure class=\"wp-block-image aligncenter size-large is-resized\"><img decoding=\"async\" width=\"819\" height=\"1024\" src=\"http:\/\/www.emmasjordemoderklinik.dk\/wp-content\/uploads\/2026\/02\/28-819x1024.jpg\" alt=\"\" class=\"wp-image-83\" style=\"aspect-ratio:0.7998153432936042;width:327px;height:auto\" srcset=\"http:\/\/www.emmasjordemoderklinik.dk\/wp-content\/uploads\/2026\/02\/28-819x1024.jpg 819w, http:\/\/www.emmasjordemoderklinik.dk\/wp-content\/uploads\/2026\/02\/28-240x300.jpg 240w, http:\/\/www.emmasjordemoderklinik.dk\/wp-content\/uploads\/2026\/02\/28.jpg 1080w\" sizes=\"(max-width: 819px) 100vw, 819px\" \/><\/figure>\n\n\n\n<p class=\"has-text-align-center has-secondary-color has-text-color has-link-color has-medium-font-size wp-elements-91fa1ce1c939f5e9ddca48575cb5b547 wp-block-paragraph\" style=\"letter-spacing:1px\"><a href=\"#\">Samtaler<\/a><\/p>\n\n\n\n<p class=\"has-text-align-center has-text-color wp-block-paragraph\" style=\"color:#bb9999;letter-spacing:1px\">Hos mig kan du b\u00e5de booke en jordemodersamtale f\u00f8r din graviditet, i graviditeten eller en efterf\u00f8dselssamtale. <br><br>I samtalerne vil vi g\u00e5 i dybden med det, du \u00f8nsker, og der vil v\u00e6re god tid til at komme omkring det vigtigste. Desuden vil du i graviditeten blive tilbudt de standard graviditetsunders\u00f8gelse samt hjertelyd p\u00e5 din baby. <br><br>Ved booking af samtale har du mulighed for tilskud fra Sygeforsikring &#8220;danmark&#8221;. <\/p>\n<\/div>\n<\/div>\n\n\n\n<div class=\"wp-block-columns are-vertically-aligned-center is-layout-flex wp-container-core-columns-is-layout-0e47273b wp-block-columns-is-layout-flex\">\n<div class=\"wp-block-column is-vertically-aligned-center is-layout-flow wp-block-column-is-layout-flow\">\n<figure class=\"wp-block-image size-large is-resized\"><img loading=\"lazy\" decoding=\"async\" width=\"1024\" height=\"1024\" src=\"http:\/\/www.emmasjordemoderklinik.dk\/wp-content\/uploads\/2026\/02\/15da0770-5cd1-4e59-9535-2feff242842f-1-1024x1024.jpeg\" alt=\"\" class=\"wp-image-110\" style=\"width:345px;height:auto\" srcset=\"http:\/\/www.emmasjordemoderklinik.dk\/wp-content\/uploads\/2026\/02\/15da0770-5cd1-4e59-9535-2feff242842f-1-1024x1024.jpeg 1024w, http:\/\/www.emmasjordemoderklinik.dk\/wp-content\/uploads\/2026\/02\/15da0770-5cd1-4e59-9535-2feff242842f-1-300x300.jpeg 300w, http:\/\/www.emmasjordemoderklinik.dk\/wp-content\/uploads\/2026\/02\/15da0770-5cd1-4e59-9535-2feff242842f-1-150x150.jpeg 150w, http:\/\/www.emmasjordemoderklinik.dk\/wp-content\/uploads\/2026\/02\/15da0770-5cd1-4e59-9535-2feff242842f-1.jpeg 1440w\" sizes=\"(max-width: 1024px) 100vw, 1024px\" \/><\/figure>\n\n\n\n<p class=\"has-text-align-center has-secondary-color has-text-color has-link-color has-medium-font-size wp-elements-a52f87a7ec96ba87667c89f09472f2be wp-block-paragraph\" style=\"letter-spacing:1px\"><a href=\"#\">Rebozomassage<\/a><\/p>\n\n\n\n<p class=\"has-text-align-center has-text-color has-link-color wp-elements-f3d061c67a6fb4898824d9ca1a4b8290 wp-block-paragraph\" style=\"color:#bb9999;letter-spacing:1px\">Rebozomassage til gravide er en n\u00e6nsom og dybt afsp\u00e6ndende behandling, hvor kroppen st\u00f8ttes og vugges med et rebozot\u00f8rkl\u00e6de<\/p>\n<\/div>\n\n\n\n<div class=\"wp-block-column is-vertically-aligned-center is-layout-flow wp-block-column-is-layout-flow\">\n<figure class=\"wp-block-image aligncenter size-large is-resized\"><img loading=\"lazy\" decoding=\"async\" width=\"819\" height=\"1024\" src=\"http:\/\/www.emmasjordemoderklinik.dk\/wp-content\/uploads\/2026\/02\/emmas-jordemoderklinik-1-2-819x1024.jpg\" alt=\"\" class=\"wp-image-111\" style=\"aspect-ratio:0.7998125464593905;width:277px;height:auto\" srcset=\"http:\/\/www.emmasjordemoderklinik.dk\/wp-content\/uploads\/2026\/02\/emmas-jordemoderklinik-1-2-819x1024.jpg 819w, http:\/\/www.emmasjordemoderklinik.dk\/wp-content\/uploads\/2026\/02\/emmas-jordemoderklinik-1-2-240x300.jpg 240w, http:\/\/www.emmasjordemoderklinik.dk\/wp-content\/uploads\/2026\/02\/emmas-jordemoderklinik-1-2.jpg 1080w\" sizes=\"(max-width: 819px) 100vw, 819px\" \/><\/figure>\n\n\n\n<p class=\"has-text-align-center has-secondary-color has-text-color has-link-color has-medium-font-size wp-elements-44fd74e2eeec1b96dfdd0451ac0144b3 wp-block-paragraph\" style=\"letter-spacing:1px\"><a href=\"#\">F\u00f8dselsmodnende behandling<\/a><\/p>\n\n\n\n<p class=\"has-text-color has-link-color wp-elements-c28482858ec583dbc08fd0f798470d31 wp-block-paragraph\" style=\"color:#bb9999;letter-spacing:1px\">F\u00f8dselsmodning er til dig, som er i graviditetsuge 37+0 til 42+0. Det er til dig, som \u00f8nsker at klarg\u00f8re og modne din krop p\u00e5 den mest n\u00e6nsomme m\u00e5de, i et oxytocinfremmende rum, s\u00e5 du er klar til din forest\u00e5ende f\u00f8dsel.&nbsp;<br><br>F\u00f8dselsmodnende behandling indeholder:<br>&#8211; En samtale om og \u00f8nsker til din kommende f\u00f8dsel<br>&#8211; Udvendig unders\u00f8gelse og hjertelyd<br>&#8211; F\u00f8dselsmodnende akupunktur<br>&#8211; Indvendig unders\u00f8gelse og hindel\u00f8sning, hvis hindel\u00f8sning er muligt<\/p>\n\n\n\n<p class=\"has-text-color has-link-color wp-elements-be95068ea6d93e74c7042ee15e2f55c3 wp-block-paragraph\" style=\"color:#bb9999\"><br><\/p>\n\n\n\n<p class=\"has-text-align-center has-text-color has-link-color has-medium-font-size wp-elements-d9b9e80259668d1261dffbf58805789e wp-block-paragraph\" style=\"color:#bb9999;letter-spacing:1px\">Find mere information om specifikke behandlinger under fanehovedet &#8220;Behandlinger&#8221;.<\/p>\n<\/div>\n\n\n\n<div class=\"wp-block-column is-vertically-aligned-center is-layout-flow wp-block-column-is-layout-flow\">\n<figure class=\"wp-block-image aligncenter size-large is-resized\"><img loading=\"lazy\" decoding=\"async\" width=\"819\" height=\"1024\" src=\"http:\/\/www.emmasjordemoderklinik.dk\/wp-content\/uploads\/2026\/02\/emmas-jordemoderklinik-2-819x1024.jpg\" alt=\"\" class=\"wp-image-112\" style=\"aspect-ratio:0.7998125464593905;width:276px;height:auto\" srcset=\"http:\/\/www.emmasjordemoderklinik.dk\/wp-content\/uploads\/2026\/02\/emmas-jordemoderklinik-2-819x1024.jpg 819w, http:\/\/www.emmasjordemoderklinik.dk\/wp-content\/uploads\/2026\/02\/emmas-jordemoderklinik-2-240x300.jpg 240w, http:\/\/www.emmasjordemoderklinik.dk\/wp-content\/uploads\/2026\/02\/emmas-jordemoderklinik-2.jpg 1080w\" sizes=\"(max-width: 819px) 100vw, 819px\" \/><\/figure>\n\n\n\n<p class=\"has-text-align-center has-secondary-color has-text-color has-link-color has-medium-font-size wp-elements-4e7cdc283ebe6cfad43d49ca85d3708d wp-block-paragraph\" style=\"letter-spacing:1px\"><a href=\"#\">Hindel\u00f8sning<\/a><\/p>\n\n\n\n<p class=\"has-text-color has-link-color wp-elements-a89373341c0886c17440986cc5baf418 wp-block-paragraph\" style=\"color:#bb9999;letter-spacing:1px\">Er du gravid mellem uge 40+0 og 42+0 og klar til at give kroppen et n\u00e6nsomt skub mod f\u00f8dsel? Hindel\u00f8sning er en naturlig metode, som kan hj\u00e6lpe kroppen i gang \u2013 uden medicin og med respekt for dit tempo.<\/p>\n<\/div>\n<\/div>\n\n\n\n<div class=\"wp-block-buttons is-horizontal is-content-justification-center is-layout-flex wp-container-core-buttons-is-layout-a9e21a43 wp-block-buttons-is-layout-flex\">\n<div class=\"wp-block-button is-style-outline is-style-outline--1\"><a class=\"wp-block-button__link has-secondary-color has-text-color has-link-color has-text-align-center wp-element-button\" href=\"http:\/\/www.emmasjordemoderklinik.dk\/?page_id=19&amp;preview=true\" style=\"border-radius:0px\">BOOK HER<\/a><\/div>\n<\/div>\n\n\n\n<p class=\"wp-block-paragraph\"><\/p>\n","protected":false},"excerpt":{"rendered":"<p>BEHANDLINGER Min klinik er skabt ud fra princippet om, at gravide og nybagte m\u00f8dre fortjener velv\u00e6re og ro, tid til n\u00e6rv\u00e6r og fordybelse i samtalen og til et sted at tage hen, n\u00e5r tanker og sp\u00e6ndinger skal lettes. Mit \u00f8nske er, at du g\u00e5r herfra med mere ro i kroppen, st\u00f8rre tillid til dig selv &hellip; <\/p>\n<p class=\"link-more\"><a href=\"http:\/\/www.emmasjordemoderklinik.dk\/?page_id=9\" class=\"more-link\">L\u00e6s mere<span class=\"screen-reader-text\"> \u201cBehandlinger\u201d<\/span><\/a><\/p>\n","protected":false},"author":1,"featured_media":111,"parent":0,"menu_order":0,"comment_status":"closed","ping_status":"closed","template":"","meta":{"_crdt_document":"","_inspiro_hide_title":true,"footnotes":""},"class_list":["post-9","page","type-page","status-publish","has-post-thumbnail","hentry"],"_links":{"self":[{"href":"http:\/\/www.emmasjordemoderklinik.dk\/index.php?rest_route=\/wp\/v2\/pages\/9","targetHints":{"allow":["GET"]}}],"collection":[{"href":"http:\/\/www.emmasjordemoderklinik.dk\/index.php?rest_route=\/wp\/v2\/pages"}],"about":[{"href":"http:\/\/www.emmasjordemoderklinik.dk\/index.php?rest_route=\/wp\/v2\/types\/page"}],"author":[{"embeddable":true,"href":"http:\/\/www.emmasjordemoderklinik.dk\/index.php?rest_route=\/wp\/v2\/users\/1"}],"replies":[{"embeddable":true,"href":"http:\/\/www.emmasjordemoderklinik.dk\/index.php?rest_route=%2Fwp%2Fv2%2Fcomments&post=9"}],"version-history":[{"count":27,"href":"http:\/\/www.emmasjordemoderklinik.dk\/index.php?rest_route=\/wp\/v2\/pages\/9\/revisions"}],"predecessor-version":[{"id":314,"href":"http:\/\/www.emmasjordemoderklinik.dk\/index.php?rest_route=\/wp\/v2\/pages\/9\/revisions\/314"}],"wp:featuredmedia":[{"embeddable":true,"href":"http:\/\/www.emmasjordemoderklinik.dk\/index.php?rest_route=\/wp\/v2\/media\/111"}],"wp:attachment":[{"href":"http:\/\/www.emmasjordemoderklinik.dk\/index.php?rest_route=%2Fwp%2Fv2%2Fmedia&parent=9"}],"curies":[{"name":"wp","href":"https:\/\/api.w.org\/{rel}","templated":true}]}}