{"id":160,"date":"2026-02-22T15:20:55","date_gmt":"2026-02-22T15:20:55","guid":{"rendered":"http:\/\/www.emmasjordemoderklinik.dk\/?page_id=160"},"modified":"2026-03-01T13:10:36","modified_gmt":"2026-03-01T13:10:36","slug":"hindeloesning","status":"publish","type":"page","link":"http:\/\/www.emmasjordemoderklinik.dk\/?page_id=160","title":{"rendered":"Hindel\u00f8sning"},"content":{"rendered":"\n<h3 class=\"wp-block-heading has-secondary-color has-text-color has-link-color wp-elements-d576fb041437f4e0a47a8a5bb1eca2d2\" style=\"font-size:clamp(17.905px, 1.119rem + ((1vw - 3.2px) * 0.893), 28px);letter-spacing:1px\">HINDEL\u00d8SNING<\/h3>\n\n\n\n<p class=\"has-text-color has-link-color has-medium-font-size wp-elements-9abad72c71c5aac10f5ad1bc6ec78d2c wp-block-paragraph\" style=\"color:#bb9999;letter-spacing:1px\">Er du gravid mellem uge 40+0 og 42+0 og klar til at give kroppen et n\u00e6nsomt skub mod f\u00f8dsel? Hindel\u00f8sning er en naturlig metode, som kan hj\u00e6lpe kroppen i gang \u2013 uden medicin og med respekt for dit tempo.<\/p>\n\n\n\n<p class=\"has-text-color has-link-color has-medium-font-size wp-elements-53ae242af44844dd7b898899716436cc wp-block-paragraph\" style=\"color:#bb9999;letter-spacing:1px\">Hos mig foreg\u00e5r hindel\u00f8sning i rolige og trygge rammer. Jeg tager mig god tid, forklarer hele processen og m\u00e6rker efter sammen med dig. Behandlingen kan stimulere kroppens egne hormoner og \u00f8ge chancen for, at veerne starter af sig selv i dagene efter.<br><\/p>\n\n\n\n<blockquote class=\"wp-block-quote has-text-align-center is-layout-flow wp-block-quote-is-layout-flow\">\n<p class=\"has-secondary-color has-text-color has-link-color has-medium-font-size wp-elements-3aaeae14781a14131e1a86cea91f1bf0 wp-block-paragraph\"><em>Hver eneste ve efter den hindel\u00f8sning havde en helt anden kraft<br><\/em><\/p>\n<\/blockquote>\n\n\n\n<p class=\"has-text-color has-link-color has-medium-font-size wp-elements-0fa6909588f72251d9d24831b5fcbc4b wp-block-paragraph\" style=\"color:#bb9999;letter-spacing:1px\">Hindel\u00f8sning kan give dig f\u00f8lelsen af at g\u00f8re noget aktivt \u2013 samtidig med at du lader kroppen g\u00f8re arbejdet.<\/p>\n\n\n\n<p class=\"has-text-color has-link-color has-medium-font-size wp-elements-96512e06989344024c1d52aacce2a916 wp-block-paragraph\" style=\"color:#bb9999;letter-spacing:1px\">NB &#8211; det er ikke altid, hindel\u00f8sning er muligt. Hvis ej, foretages massage af det nedre segment, og s\u00e5 er det muligt at bestille ny tid til hindel\u00f8sning og f\u00e5 20% rabat.<\/p>\n\n\n\n<p class=\"has-text-color has-link-color has-medium-font-size wp-elements-7d0b24093194dfc5801116e3d3e87205 wp-block-paragraph\" style=\"color:#bb9999;letter-spacing:1px\">Du kan med fordel booke hindel\u00f8sning sammen med en oxytocinfremmende gravidmassage eller f\u00f8dselsmodnende akupunktur.<br><br>Du har mulighed for at f\u00e5 tilskud fra Sygeforsikringen &#8220;danmark&#8221; ved tilk\u00f8b af jordemodersamtale.<\/p>\n\n\n\n<div class=\"wp-block-buttons is-layout-flex wp-block-buttons-is-layout-flex\">\n<div class=\"wp-block-button\"><a class=\"wp-block-button__link has-secondary-background-color has-text-color has-background has-link-color wp-element-button\" href=\"https:\/\/www.emmasjordemoderklinik.dk\/?page_id=208\" style=\"color:#f4f1ea\">L\u00e6s mere om jordemodersamtale her<\/a><\/div>\n<\/div>\n","protected":false},"excerpt":{"rendered":"<p>HINDEL\u00d8SNING Er du gravid mellem uge 40+0 og 42+0 og klar til at give kroppen et n\u00e6nsomt skub mod f\u00f8dsel? Hindel\u00f8sning er en naturlig metode, som kan hj\u00e6lpe kroppen i gang \u2013 uden medicin og med respekt for dit tempo. Hos mig foreg\u00e5r hindel\u00f8sning i rolige og trygge rammer. Jeg tager mig god tid, forklarer &hellip; <\/p>\n<p class=\"link-more\"><a href=\"http:\/\/www.emmasjordemoderklinik.dk\/?page_id=160\" class=\"more-link\">L\u00e6s mere<span class=\"screen-reader-text\"> \u201cHindel\u00f8sning\u201d<\/span><\/a><\/p>\n","protected":false},"author":1,"featured_media":0,"parent":0,"menu_order":0,"comment_status":"closed","ping_status":"closed","template":"","meta":{"_crdt_document":"","_inspiro_hide_title":false,"footnotes":""},"class_list":["post-160","page","type-page","status-publish","hentry"],"_links":{"self":[{"href":"http:\/\/www.emmasjordemoderklinik.dk\/index.php?rest_route=\/wp\/v2\/pages\/160","targetHints":{"allow":["GET"]}}],"collection":[{"href":"http:\/\/www.emmasjordemoderklinik.dk\/index.php?rest_route=\/wp\/v2\/pages"}],"about":[{"href":"http:\/\/www.emmasjordemoderklinik.dk\/index.php?rest_route=\/wp\/v2\/types\/page"}],"author":[{"embeddable":true,"href":"http:\/\/www.emmasjordemoderklinik.dk\/index.php?rest_route=\/wp\/v2\/users\/1"}],"replies":[{"embeddable":true,"href":"http:\/\/www.emmasjordemoderklinik.dk\/index.php?rest_route=%2Fwp%2Fv2%2Fcomments&post=160"}],"version-history":[{"count":8,"href":"http:\/\/www.emmasjordemoderklinik.dk\/index.php?rest_route=\/wp\/v2\/pages\/160\/revisions"}],"predecessor-version":[{"id":336,"href":"http:\/\/www.emmasjordemoderklinik.dk\/index.php?rest_route=\/wp\/v2\/pages\/160\/revisions\/336"}],"wp:attachment":[{"href":"http:\/\/www.emmasjordemoderklinik.dk\/index.php?rest_route=%2Fwp%2Fv2%2Fmedia&parent=160"}],"curies":[{"name":"wp","href":"https:\/\/api.w.org\/{rel}","templated":true}]}}