{"id":158,"date":"2026-02-22T15:22:54","date_gmt":"2026-02-22T15:22:54","guid":{"rendered":"http:\/\/www.emmasjordemoderklinik.dk\/?page_id=158"},"modified":"2026-03-01T13:08:45","modified_gmt":"2026-03-01T13:08:45","slug":"foedselsmodende-behandling","status":"publish","type":"page","link":"http:\/\/www.emmasjordemoderklinik.dk\/?page_id=158","title":{"rendered":"F\u00f8dselsmodnende behandling"},"content":{"rendered":"\n<h3 class=\"wp-block-heading has-secondary-color has-text-color has-link-color wp-elements-c1ca0de615938f3aa259cf96ad9ecd3a\" style=\"font-size:clamp(17.905px, 1.119rem + ((1vw - 3.2px) * 0.893), 28px);letter-spacing:1px\">F\u00d8DSELSMODNENDE BEHANDLING<\/h3>\n\n\n\n<p class=\"has-text-color has-link-color has-medium-font-size wp-elements-2a86ade4109a369b520e3dc7f6d61066 wp-block-paragraph\" style=\"color:#bb9999;letter-spacing:1px\">F\u00f8dselsmodning er til dig, som er i graviditetsuge 37+0 til 42+0. Det er til dig, som \u00f8nsker at klarg\u00f8re og modne din krop p\u00e5 den mest n\u00e6nsomme m\u00e5de, i et oxytocinfremmende rum, s\u00e5 du er klar til din forest\u00e5ende f\u00f8dsel.&nbsp;<\/p>\n\n\n\n<p class=\"has-text-color has-link-color has-medium-font-size wp-elements-4e034561970a39339cebb825e7b07deb wp-block-paragraph\" style=\"color:#bb9999;letter-spacing:1px\">F\u00f8dselsmodnende behandling indeholder:<\/p>\n\n\n\n<ul class=\"wp-block-list\">\n<li class=\"has-text-color has-link-color has-medium-font-size wp-elements-5dba29f6e451dc54aa83ba37620b7dc1\" style=\"color:#bb9999;letter-spacing:1px\">En samtale om og \u00f8nsker til din kommende f\u00f8dsel<\/li>\n\n\n\n<li class=\"has-text-color has-link-color has-medium-font-size wp-elements-67f9571135e0908c36f4bd8f93eda4c6\" style=\"color:#bb9999;letter-spacing:1px\">Udvendig unders\u00f8gelse og hjertelyd<\/li>\n\n\n\n<li class=\"has-text-color has-link-color has-medium-font-size wp-elements-20f4b764cd4c28da0918ade96d3185df\" style=\"color:#bb9999;letter-spacing:1px\">F\u00f8dselsmodnende akupunktur<\/li>\n\n\n\n<li class=\"has-text-color has-link-color has-medium-font-size wp-elements-1e76e79583a9af3e7416c14582007314\" style=\"color:#bb9999;letter-spacing:1px\">Indvendig unders\u00f8gelse og hindel\u00f8sning &#8211; NB hindel\u00f8sning tilbydes fra graviditetsuge 40+0.<br><br>Prisen for f\u00f8rste behandling er 650 kroner. Hvis du har behov for efterf\u00f8lgende behandlinger for samme gene, reduceres prisen til 550 kroner.<br><br>Denne behandling giver dig mulighed for at f\u00e5 tilskud fra Sygeforsikringen &#8220;danmark&#8221;.<br><\/li>\n<\/ul>\n\n\n\n<figure style=\"margin-top:0;margin-right:0px;margin-bottom:0;margin-left:0px\" class=\"wp-block-video\"><video height=\"1350\" style=\"aspect-ratio: 1080 \/ 1350;\" width=\"1080\" autoplay controls loop muted src=\"https:\/\/www.emmasjordemoderklinik.dk\/wp-content\/uploads\/2026\/02\/emmas-jordemoderklinik-2-1.mp4\" playsinline><\/video><\/figure>\n\n\n\n<p class=\"wp-block-paragraph\"><\/p>\n","protected":false},"excerpt":{"rendered":"<p>F\u00d8DSELSMODNENDE BEHANDLING F\u00f8dselsmodning er til dig, som er i graviditetsuge 37+0 til 42+0. Det er til dig, som \u00f8nsker at klarg\u00f8re og modne din krop p\u00e5 den mest n\u00e6nsomme m\u00e5de, i et oxytocinfremmende rum, s\u00e5 du er klar til din forest\u00e5ende f\u00f8dsel.&nbsp; F\u00f8dselsmodnende behandling indeholder:<\/p>\n","protected":false},"author":1,"featured_media":0,"parent":0,"menu_order":0,"comment_status":"closed","ping_status":"closed","template":"","meta":{"_crdt_document":"","_inspiro_hide_title":false,"footnotes":""},"class_list":["post-158","page","type-page","status-publish","hentry"],"_links":{"self":[{"href":"http:\/\/www.emmasjordemoderklinik.dk\/index.php?rest_route=\/wp\/v2\/pages\/158","targetHints":{"allow":["GET"]}}],"collection":[{"href":"http:\/\/www.emmasjordemoderklinik.dk\/index.php?rest_route=\/wp\/v2\/pages"}],"about":[{"href":"http:\/\/www.emmasjordemoderklinik.dk\/index.php?rest_route=\/wp\/v2\/types\/page"}],"author":[{"embeddable":true,"href":"http:\/\/www.emmasjordemoderklinik.dk\/index.php?rest_route=\/wp\/v2\/users\/1"}],"replies":[{"embeddable":true,"href":"http:\/\/www.emmasjordemoderklinik.dk\/index.php?rest_route=%2Fwp%2Fv2%2Fcomments&post=158"}],"version-history":[{"count":9,"href":"http:\/\/www.emmasjordemoderklinik.dk\/index.php?rest_route=\/wp\/v2\/pages\/158\/revisions"}],"predecessor-version":[{"id":334,"href":"http:\/\/www.emmasjordemoderklinik.dk\/index.php?rest_route=\/wp\/v2\/pages\/158\/revisions\/334"}],"wp:attachment":[{"href":"http:\/\/www.emmasjordemoderklinik.dk\/index.php?rest_route=%2Fwp%2Fv2%2Fmedia&parent=158"}],"curies":[{"name":"wp","href":"https:\/\/api.w.org\/{rel}","templated":true}]}}