{"id":154,"date":"2026-02-22T15:21:16","date_gmt":"2026-02-22T15:21:16","guid":{"rendered":"http:\/\/www.emmasjordemoderklinik.dk\/?page_id=154"},"modified":"2026-03-01T13:09:44","modified_gmt":"2026-03-01T13:09:44","slug":"rebozomassage","status":"publish","type":"page","link":"http:\/\/www.emmasjordemoderklinik.dk\/?page_id=154","title":{"rendered":"Rebozomassage"},"content":{"rendered":"\n<h3 class=\"wp-block-heading has-secondary-color has-text-color has-link-color wp-elements-98fe69bd08e4dbbd8470a69fc9091895\" style=\"font-size:clamp(17.905px, 1.119rem + ((1vw - 3.2px) * 0.893), 28px);letter-spacing:1px\">REBOZOMASSAGE<\/h3>\n\n\n\n<p class=\"has-text-color has-link-color has-medium-font-size wp-elements-7072e0e2403ffa4691b7337f4f9394c3 wp-block-paragraph\" style=\"color:#bb9999;letter-spacing:1px\">Rebozomassage til gravide er en n\u00e6nsom og dybt afsp\u00e6ndende behandling, hvor kroppen st\u00f8ttes og vugges med et rebozot\u00f8rkl\u00e6de. De blide, rytmiske bev\u00e6gelser kan skabe ro i nervesystemet, lindre sp\u00e6ndinger og give en f\u00f8lelse af lethed i en krop i forandring.<\/p>\n\n\n\n<p class=\"has-text-color has-link-color has-medium-font-size wp-elements-6831e2a9ad9e878e2ddf30c35d232a8b wp-block-paragraph\" style=\"color:#bb9999;letter-spacing:1px\">Behandlingen er s\u00e6rligt velegnet i graviditeten, hvor b\u00e6kken, l\u00e6nd og mave arbejder ekstra. Rebozomassage kan hj\u00e6lpe med at l\u00f8sne sp\u00e6ndinger, give st\u00f8tte til b\u00e6kkenet og skabe bedre kropsfornemmelse \u2013 samtidig med at du f\u00e5r en stille stund med fokus p\u00e5 dig og din baby.<\/p>\n\n\n\n<p class=\"has-text-color has-link-color has-medium-font-size wp-elements-df76426a9dc254c11676d98850b8d1dd wp-block-paragraph\" style=\"color:#bb9999;letter-spacing:1px\">Hos mig foreg\u00e5r rebozomassagen i trygge rammer og tilpasses dit trimester, din krop og dine behov. Tempoet er roligt, n\u00e6rv\u00e6rende og omsorgsfuldt \u2013 her er der plads til at give slip og bare v\u00e6re.<\/p>\n\n\n\n<ul class=\"wp-block-list\">\n<li class=\"has-text-color has-link-color has-medium-font-size wp-elements-ac5755c4b8971df68b145be15145c785\" style=\"color:#bb9999;letter-spacing:1px\">Blid afsp\u00e6nding af b\u00e6kken, l\u00e6nd og ryg<\/li>\n\n\n\n<li class=\"has-text-color has-link-color has-medium-font-size wp-elements-56a8478c8285cb8771cf84f9fd92c2b8\" style=\"color:#bb9999;letter-spacing:1px\">Fremmer korrekt placering af din babys hoved i b\u00e6kkenet<\/li>\n\n\n\n<li class=\"has-text-color has-link-color has-medium-font-size wp-elements-24566cd80618805fb701dc6ca16232e2\" style=\"color:#bb9999;letter-spacing:1px\">Dyb ro og \u00f8get velv\u00e6re<\/li>\n\n\n\n<li class=\"has-text-color has-link-color has-medium-font-size wp-elements-b9264e078f7ef0c02778728f7a964e3a\" style=\"color:#bb9999;letter-spacing:1px\">Tid og n\u00e6rv\u00e6r \u2013 kun til dig og din graviditet<\/li>\n<\/ul>\n\n\n\n<p class=\"has-text-color has-link-color has-medium-font-size wp-elements-a5c7185e7c5934a0bcce1f2ff7c9672b wp-block-paragraph\" style=\"color:#bb9999;letter-spacing:1px\">Rebozomassage er en k\u00e6rlig m\u00e5de at st\u00f8tte kroppen i graviditeten og forberede dig p\u00e5 f\u00f8dslen med ro, balance og tillid.<\/p>\n\n\n\n<p class=\"has-text-color has-link-color has-medium-font-size wp-elements-d5792c02c7cfd32079004298777c3496 wp-block-paragraph\" style=\"color:#bb9999;letter-spacing:1px\">Book din tid og m\u00e6rk den blide forskel.<br><br>Du har mulighed for at f\u00e5 tilskud fra Sygeforsikringen &#8220;danmark&#8221; ved tilk\u00f8b af jordemodersamtale.<\/p>\n\n\n\n<div class=\"wp-block-buttons is-layout-flex wp-block-buttons-is-layout-flex\">\n<div class=\"wp-block-button\"><a class=\"wp-block-button__link has-secondary-background-color has-text-color has-background has-link-color wp-element-button\" href=\"https:\/\/www.emmasjordemoderklinik.dk\/?page_id=208\" style=\"color:#f4f1ea\">L\u00e6s mere om jordemodersamtale her<\/a><\/div>\n<\/div>\n\n\n\n<p class=\"has-text-color has-link-color has-medium-font-size wp-elements-c37ba12dc7d82764b06aeeae33fc47ed wp-block-paragraph\" style=\"color:#bb9999;letter-spacing:1px\"><\/p>\n","protected":false},"excerpt":{"rendered":"<p>REBOZOMASSAGE Rebozomassage til gravide er en n\u00e6nsom og dybt afsp\u00e6ndende behandling, hvor kroppen st\u00f8ttes og vugges med et rebozot\u00f8rkl\u00e6de. De blide, rytmiske bev\u00e6gelser kan skabe ro i nervesystemet, lindre sp\u00e6ndinger og give en f\u00f8lelse af lethed i en krop i forandring. Behandlingen er s\u00e6rligt velegnet i graviditeten, hvor b\u00e6kken, l\u00e6nd og mave arbejder ekstra. Rebozomassage &hellip; <\/p>\n<p class=\"link-more\"><a href=\"http:\/\/www.emmasjordemoderklinik.dk\/?page_id=154\" class=\"more-link\">L\u00e6s mere<span class=\"screen-reader-text\"> \u201cRebozomassage\u201d<\/span><\/a><\/p>\n","protected":false},"author":1,"featured_media":0,"parent":0,"menu_order":0,"comment_status":"closed","ping_status":"closed","template":"","meta":{"_crdt_document":"","_inspiro_hide_title":false,"footnotes":""},"class_list":["post-154","page","type-page","status-publish","hentry"],"_links":{"self":[{"href":"http:\/\/www.emmasjordemoderklinik.dk\/index.php?rest_route=\/wp\/v2\/pages\/154","targetHints":{"allow":["GET"]}}],"collection":[{"href":"http:\/\/www.emmasjordemoderklinik.dk\/index.php?rest_route=\/wp\/v2\/pages"}],"about":[{"href":"http:\/\/www.emmasjordemoderklinik.dk\/index.php?rest_route=\/wp\/v2\/types\/page"}],"author":[{"embeddable":true,"href":"http:\/\/www.emmasjordemoderklinik.dk\/index.php?rest_route=\/wp\/v2\/users\/1"}],"replies":[{"embeddable":true,"href":"http:\/\/www.emmasjordemoderklinik.dk\/index.php?rest_route=%2Fwp%2Fv2%2Fcomments&post=154"}],"version-history":[{"count":6,"href":"http:\/\/www.emmasjordemoderklinik.dk\/index.php?rest_route=\/wp\/v2\/pages\/154\/revisions"}],"predecessor-version":[{"id":335,"href":"http:\/\/www.emmasjordemoderklinik.dk\/index.php?rest_route=\/wp\/v2\/pages\/154\/revisions\/335"}],"wp:attachment":[{"href":"http:\/\/www.emmasjordemoderklinik.dk\/index.php?rest_route=%2Fwp%2Fv2%2Fmedia&parent=154"}],"curies":[{"name":"wp","href":"https:\/\/api.w.org\/{rel}","templated":true}]}}