{"id":148,"date":"2026-02-23T11:50:41","date_gmt":"2026-02-23T11:50:41","guid":{"rendered":"http:\/\/www.emmasjordemoderklinik.dk\/?page_id=148"},"modified":"2026-03-01T13:07:44","modified_gmt":"2026-03-01T13:07:44","slug":"foedselsmodnende-akupunktur","status":"publish","type":"page","link":"http:\/\/www.emmasjordemoderklinik.dk\/?page_id=148","title":{"rendered":"F\u00f8dselsmodnende akupunktur"},"content":{"rendered":"\n<h3 class=\"wp-block-heading has-secondary-color has-text-color has-link-color wp-elements-6dd524b08b60e8c51fc5495661d6116b\" style=\"font-size:clamp(17.905px, 1.119rem + ((1vw - 3.2px) * 0.893), 28px);letter-spacing:1px\">F\u00d8DSELSMODNENDE AKUPUNKTUR<\/h3>\n\n\n\n<p class=\"has-text-color has-link-color has-medium-font-size wp-elements-625f2619195193cce2413f506b2aa1da wp-block-paragraph\" style=\"color:#bb9999;letter-spacing:1px\">F\u00f8dselsmodnende akupunktur er en metode, hvor kroppens naturlige processer underst\u00f8ttes p\u00e5 en sk\u00e5nsom m\u00e5de. Behandlingen retter sig mod at fremme modningen af livmoderhalsen, stimulere den naturlige oxytocinaktivitet og underst\u00f8tte et hensigtsm\u00e6ssigt samspil mellem hormoner og livmoderens arbejde. <br><br>F\u00f8dselsmodnende akupunktur anbefales fra graviditetsuge 37+0 med 1-2 behandlinger om ugen, og fra graviditetsuge 40+0 kan behandlingen gentages 2 gange om ugen. <br><br>Du kan med fordel kombinere denne behandling med en oxytocinfremmende massage og eventuelt en hindel\u00f8sning, som tilbydes fra graviditetsuge 40+0.<br><br>Prisen for f\u00f8rste behandling er 650 kroner. Efterf\u00f8lgende behandlinger koster 550 kroner.<br><br>Du har mulighed for at f\u00e5 tilskud fra Sygeforsikringen &#8220;danmark&#8221; ved tilk\u00f8b af jordemodersamtale.<\/p>\n\n\n\n<div class=\"wp-block-buttons is-layout-flex wp-block-buttons-is-layout-flex\">\n<div class=\"wp-block-button\"><a class=\"wp-block-button__link has-secondary-background-color has-text-color has-background has-link-color wp-element-button\" href=\"https:\/\/www.emmasjordemoderklinik.dk\/?page_id=208\" style=\"color:#f4f1ea\">L\u00e6s mere om jordemodersamtale her<\/a><\/div>\n<\/div>\n\n\n\n<p class=\"has-text-color has-link-color has-medium-font-size wp-elements-c37ba12dc7d82764b06aeeae33fc47ed wp-block-paragraph\" style=\"color:#bb9999;letter-spacing:1px\"><\/p>\n\n\n\n<figure class=\"wp-block-image size-large is-resized\"><img fetchpriority=\"high\" decoding=\"async\" width=\"819\" height=\"1024\" src=\"https:\/\/www.emmasjordemoderklinik.dk\/wp-content\/uploads\/2026\/02\/31-819x1024.jpg\" alt=\"\" class=\"wp-image-290\" style=\"width:601px;height:auto\" srcset=\"http:\/\/www.emmasjordemoderklinik.dk\/wp-content\/uploads\/2026\/02\/31-819x1024.jpg 819w, http:\/\/www.emmasjordemoderklinik.dk\/wp-content\/uploads\/2026\/02\/31-240x300.jpg 240w, http:\/\/www.emmasjordemoderklinik.dk\/wp-content\/uploads\/2026\/02\/31.jpg 1080w\" sizes=\"(max-width: 819px) 100vw, 819px\" \/><\/figure>\n","protected":false},"excerpt":{"rendered":"<p>F\u00d8DSELSMODNENDE AKUPUNKTUR F\u00f8dselsmodnende akupunktur er en metode, hvor kroppens naturlige processer underst\u00f8ttes p\u00e5 en sk\u00e5nsom m\u00e5de. Behandlingen retter sig mod at fremme modningen af livmoderhalsen, stimulere den naturlige oxytocinaktivitet og underst\u00f8tte et hensigtsm\u00e6ssigt samspil mellem hormoner og livmoderens arbejde. F\u00f8dselsmodnende akupunktur anbefales fra graviditetsuge 37+0 med 1-2 behandlinger om ugen, og fra graviditetsuge 40+0 kan &hellip; <\/p>\n<p class=\"link-more\"><a href=\"http:\/\/www.emmasjordemoderklinik.dk\/?page_id=148\" class=\"more-link\">L\u00e6s mere<span class=\"screen-reader-text\"> \u201cF\u00f8dselsmodnende akupunktur\u201d<\/span><\/a><\/p>\n","protected":false},"author":1,"featured_media":0,"parent":0,"menu_order":0,"comment_status":"closed","ping_status":"closed","template":"","meta":{"_crdt_document":"","_inspiro_hide_title":false,"footnotes":""},"class_list":["post-148","page","type-page","status-publish","hentry"],"_links":{"self":[{"href":"http:\/\/www.emmasjordemoderklinik.dk\/index.php?rest_route=\/wp\/v2\/pages\/148","targetHints":{"allow":["GET"]}}],"collection":[{"href":"http:\/\/www.emmasjordemoderklinik.dk\/index.php?rest_route=\/wp\/v2\/pages"}],"about":[{"href":"http:\/\/www.emmasjordemoderklinik.dk\/index.php?rest_route=\/wp\/v2\/types\/page"}],"author":[{"embeddable":true,"href":"http:\/\/www.emmasjordemoderklinik.dk\/index.php?rest_route=\/wp\/v2\/users\/1"}],"replies":[{"embeddable":true,"href":"http:\/\/www.emmasjordemoderklinik.dk\/index.php?rest_route=%2Fwp%2Fv2%2Fcomments&post=148"}],"version-history":[{"count":6,"href":"http:\/\/www.emmasjordemoderklinik.dk\/index.php?rest_route=\/wp\/v2\/pages\/148\/revisions"}],"predecessor-version":[{"id":333,"href":"http:\/\/www.emmasjordemoderklinik.dk\/index.php?rest_route=\/wp\/v2\/pages\/148\/revisions\/333"}],"wp:attachment":[{"href":"http:\/\/www.emmasjordemoderklinik.dk\/index.php?rest_route=%2Fwp%2Fv2%2Fmedia&parent=148"}],"curies":[{"name":"wp","href":"https:\/\/api.w.org\/{rel}","templated":true}]}}