{"id":146,"date":"2026-02-23T11:50:21","date_gmt":"2026-02-23T11:50:21","guid":{"rendered":"http:\/\/www.emmasjordemoderklinik.dk\/?page_id=146"},"modified":"2026-03-01T13:07:26","modified_gmt":"2026-03-01T13:07:26","slug":"akupunktur-mod-graviditetsgener","status":"publish","type":"page","link":"http:\/\/www.emmasjordemoderklinik.dk\/?page_id=146","title":{"rendered":"Akupunktur mod graviditetsgener"},"content":{"rendered":"\n<h3 class=\"wp-block-heading has-secondary-color has-text-color has-link-color wp-elements-ca92ef4afac8a9b3a132dafae29d464c\" style=\"font-size:clamp(17.905px, 1.119rem + ((1vw - 3.2px) * 0.893), 28px);letter-spacing:1px\">AKUPUNKTUR MOD GRAVIDITETSGENER<\/h3>\n\n\n\n<p class=\"has-text-color has-link-color has-medium-font-size wp-elements-4b453718a3c9941cbca7f5637cb8e752 wp-block-paragraph\" style=\"color:#bb9999;letter-spacing:1px\">Naturlig lindring \u2013 trygt for b\u00e5de dig og dit barn.<\/p>\n\n\n\n<p class=\"has-text-color has-link-color has-medium-font-size wp-elements-45ba5a6018a4cfd9c84ea27b4b184c4f wp-block-paragraph\" style=\"color:#bb9999;letter-spacing:1px\">D\u00f8jer du med kvalme, karpaltunnelsyndrom, l\u00e6ndegener eller noget helt fjerde? Graviditeten er en s\u00e6rlig tid, men den kan ogs\u00e5 v\u00e6re fysisk kr\u00e6vende. Akupunktur er en sk\u00e5nsom og evidensbaseret behandlingsform, der kan lindre mange af de mest almindelige graviditetsgener \u2013 helt uden medicin.<\/p>\n\n\n\n<p class=\"has-text-color has-link-color has-medium-font-size wp-elements-f90a2af53f4b9670e6d0ec45ba6637d2 wp-block-paragraph\" style=\"color:#bb9999;letter-spacing:1px\">Akupunktur kan blandt andet lindre:<\/p>\n\n\n\n<ul class=\"wp-block-list\">\n<li class=\"has-text-color has-link-color has-medium-font-size wp-elements-24a0e2648b5169a78a70988178f04d86\" style=\"color:#bb9999;letter-spacing:1px\">Kvalme og opkast (ogs\u00e5 sv\u00e6r graviditetskvalme)<\/li>\n\n\n\n<li class=\"has-text-color has-link-color has-medium-font-size wp-elements-87b7e6aadb05ed49bad2ee157f57ddc1\" style=\"color:#bb9999;letter-spacing:1px\">B\u00e6kken- og l\u00e6ndesmerter<\/li>\n\n\n\n<li class=\"has-text-color has-link-color has-medium-font-size wp-elements-6a566eaaf7625b2d7473e34469950aaa\" style=\"color:#bb9999;letter-spacing:1px\">Iskiassmerte<\/li>\n\n\n\n<li class=\"has-text-color has-link-color has-medium-font-size wp-elements-6b6cde869e8b903869e3bbd4e355ede8\" style=\"color:#bb9999;letter-spacing:1px\">Karpaltunnelsyndrom<\/li>\n\n\n\n<li class=\"has-text-color has-link-color has-medium-font-size wp-elements-65175d5d3b36f73d0a65e8e4f0809fe6\" style=\"color:#bb9999;letter-spacing:1px\">Halsbrand og ford\u00f8jelsesgener<\/li>\n\n\n\n<li class=\"has-text-color has-link-color has-medium-font-size wp-elements-c2bf45bb005e27c4def8d33b67e17fd0\" style=\"color:#bb9999;letter-spacing:1px\">V\u00e6ske i kroppen (\u00f8demer)<\/li>\n\n\n\n<li class=\"has-text-color has-link-color has-medium-font-size wp-elements-cbf50b723169d010ff190786c64872df\" style=\"color:#bb9999;letter-spacing:1px\">Tr\u00e6thed og uro i kroppen<\/li>\n\n\n\n<li class=\"has-text-color has-link-color has-medium-font-size wp-elements-d8f641e23a5f34dc08bfb0bb576e0521\" style=\"color:#bb9999;letter-spacing:1px\">S\u00f8vnproblemer<\/li>\n<\/ul>\n\n\n\n<p class=\"has-text-color has-link-color has-medium-font-size wp-elements-22b6aca59548442dc33fe57b98295ab6 wp-block-paragraph\" style=\"color:#bb9999;letter-spacing:1px\">Forskning viser blandt andet god effekt ved graviditetskvalme samt b\u00e6kken- og l\u00e6ndesmerter.<\/p>\n\n\n\n<p class=\"has-text-color has-link-color has-medium-font-size wp-elements-dfc684a6fe7b4de383014af3202def05 wp-block-paragraph\" style=\"color:#bb9999;letter-spacing:1px\">Behandlingen st\u00f8tter kroppens egen balance, d\u00e6mper smerter og skaber ro i nervesystemet. Mange oplever b\u00e5de fysisk lindring og en f\u00f8lelse af dyb afslapning.<\/p>\n\n\n\n<p class=\"has-text-color has-link-color has-medium-font-size wp-elements-291392278d7d1dc428dd06c50a26d962 wp-block-paragraph\" style=\"color:#bb9999;letter-spacing:1px\">Du fortjener at have det godt \u2013 ogs\u00e5 mens du er gravid. Book en tid og m\u00e6rk forskellen.<br><br>Prisen for f\u00f8rste behandling er 650 kroner. Hvis du har behov for efterf\u00f8lgende behandlinger for samme gene, reduceres prisen til 550 kroner.<br><br>Du har mulighed for at f\u00e5 tilskud fra Sygeforsikringen &#8220;danmark&#8221; ved tilk\u00f8b af jordemodersamtale.<\/p>\n\n\n\n<div class=\"wp-block-buttons is-layout-flex wp-block-buttons-is-layout-flex\">\n<div class=\"wp-block-button\"><a class=\"wp-block-button__link has-secondary-background-color has-text-color has-background has-link-color wp-element-button\" href=\"https:\/\/www.emmasjordemoderklinik.dk\/?page_id=208\" style=\"color:#f4f1ea\">L\u00e6s mere om jordemodersamtale her<\/a><\/div>\n<\/div>\n\n\n\n<figure class=\"wp-block-image size-large is-resized\"><img fetchpriority=\"high\" decoding=\"async\" width=\"819\" height=\"1024\" src=\"https:\/\/www.emmasjordemoderklinik.dk\/wp-content\/uploads\/2026\/02\/32-1-819x1024.jpg\" alt=\"\" class=\"wp-image-302\" style=\"aspect-ratio:0.7998155406963339;width:473px;height:auto\" srcset=\"http:\/\/www.emmasjordemoderklinik.dk\/wp-content\/uploads\/2026\/02\/32-1-819x1024.jpg 819w, http:\/\/www.emmasjordemoderklinik.dk\/wp-content\/uploads\/2026\/02\/32-1-240x300.jpg 240w, http:\/\/www.emmasjordemoderklinik.dk\/wp-content\/uploads\/2026\/02\/32-1.jpg 1080w\" sizes=\"(max-width: 819px) 100vw, 819px\" \/><\/figure>\n\n\n\n<p class=\"wp-block-paragraph\"><\/p>\n","protected":false},"excerpt":{"rendered":"<p>AKUPUNKTUR MOD GRAVIDITETSGENER Naturlig lindring \u2013 trygt for b\u00e5de dig og dit barn. D\u00f8jer du med kvalme, karpaltunnelsyndrom, l\u00e6ndegener eller noget helt fjerde? Graviditeten er en s\u00e6rlig tid, men den kan ogs\u00e5 v\u00e6re fysisk kr\u00e6vende. Akupunktur er en sk\u00e5nsom og evidensbaseret behandlingsform, der kan lindre mange af de mest almindelige graviditetsgener \u2013 helt uden medicin. &hellip; <\/p>\n<p class=\"link-more\"><a href=\"http:\/\/www.emmasjordemoderklinik.dk\/?page_id=146\" class=\"more-link\">L\u00e6s mere<span class=\"screen-reader-text\"> \u201cAkupunktur mod graviditetsgener\u201d<\/span><\/a><\/p>\n","protected":false},"author":1,"featured_media":0,"parent":0,"menu_order":0,"comment_status":"closed","ping_status":"closed","template":"","meta":{"_crdt_document":"","_inspiro_hide_title":false,"footnotes":""},"class_list":["post-146","page","type-page","status-publish","hentry"],"_links":{"self":[{"href":"http:\/\/www.emmasjordemoderklinik.dk\/index.php?rest_route=\/wp\/v2\/pages\/146","targetHints":{"allow":["GET"]}}],"collection":[{"href":"http:\/\/www.emmasjordemoderklinik.dk\/index.php?rest_route=\/wp\/v2\/pages"}],"about":[{"href":"http:\/\/www.emmasjordemoderklinik.dk\/index.php?rest_route=\/wp\/v2\/types\/page"}],"author":[{"embeddable":true,"href":"http:\/\/www.emmasjordemoderklinik.dk\/index.php?rest_route=\/wp\/v2\/users\/1"}],"replies":[{"embeddable":true,"href":"http:\/\/www.emmasjordemoderklinik.dk\/index.php?rest_route=%2Fwp%2Fv2%2Fcomments&post=146"}],"version-history":[{"count":13,"href":"http:\/\/www.emmasjordemoderklinik.dk\/index.php?rest_route=\/wp\/v2\/pages\/146\/revisions"}],"predecessor-version":[{"id":331,"href":"http:\/\/www.emmasjordemoderklinik.dk\/index.php?rest_route=\/wp\/v2\/pages\/146\/revisions\/331"}],"wp:attachment":[{"href":"http:\/\/www.emmasjordemoderklinik.dk\/index.php?rest_route=%2Fwp%2Fv2%2Fmedia&parent=146"}],"curies":[{"name":"wp","href":"https:\/\/api.w.org\/{rel}","templated":true}]}}