{"id":142,"date":"2026-02-22T15:21:48","date_gmt":"2026-02-22T15:21:48","guid":{"rendered":"http:\/\/www.emmasjordemoderklinik.dk\/?page_id=142"},"modified":"2026-03-01T13:11:00","modified_gmt":"2026-03-01T13:11:00","slug":"gravidmassage","status":"publish","type":"page","link":"http:\/\/www.emmasjordemoderklinik.dk\/?page_id=142","title":{"rendered":"Gravidmassage"},"content":{"rendered":"\n<h3 class=\"wp-block-heading has-secondary-color has-text-color has-link-color wp-elements-cc42518dd2b311ba4858dd3509624f99\" style=\"font-size:clamp(17.905px, 1.119rem + ((1vw - 3.2px) * 0.893), 28px);letter-spacing:1px\">GRAVIDMASSAGE<\/h3>\n\n\n\n<p class=\"has-text-color has-link-color has-medium-font-size wp-elements-2c9dcd033a040d74fa044edc361806ad wp-block-paragraph\" style=\"color:#bb9999;letter-spacing:1px\">Graviditeten er en stor omv\u00e6ltning for b\u00e5de krop og sind. Med gravidmassage f\u00e5r du et velfortjent pusterum \u2013 et \u00f8jeblik med ro, n\u00e6rv\u00e6r og blid ber\u00f8ring, der er tilpasset netop din gravide krop.<\/p>\n\n\n\n<p class=\"has-text-color has-link-color has-medium-font-size wp-elements-dc5d059e4ff1c4e966cbad74a1a5a489 wp-block-paragraph\" style=\"color:#bb9999;letter-spacing:1px\">Massagen kan lindre sp\u00e6ndinger i ryg, l\u00e6nd, b\u00e6kken og skuldre, mindske uro i kroppen og give dig dyb afslapning. Samtidig underst\u00f8tter den kroppens naturlige balance og kan give fornyet energi og velv\u00e6re i graviditeten.<\/p>\n\n\n\n<p class=\"has-text-color has-link-color has-medium-font-size wp-elements-97881975a50757d4dfc89f668d1acffd wp-block-paragraph\" style=\"color:#bb9999;letter-spacing:1px\">Hos mig er du i trygge h\u00e6nder. Massagen tilpasses dit trimester, dine behov og hvordan din krop har det netop i dag \u2013 altid med fokus p\u00e5 komfort, tryghed og faglighed.<\/p>\n\n\n\n<p class=\"has-text-color has-link-color has-medium-font-size wp-elements-adb4e8d34bda401e4beeaf1b948e357d wp-block-paragraph\" style=\"color:#bb9999;letter-spacing:1px\">Du f\u00e5r:<\/p>\n\n\n\n<ul class=\"wp-block-list\">\n<li class=\"has-text-color has-link-color has-medium-font-size wp-elements-b8ee62647c163cc410dbdf2fdafc80cc\" style=\"color:#bb9999;letter-spacing:1px\">Lindring af \u00f8mme og tr\u00e6tte muskler<\/li>\n\n\n\n<li class=\"has-text-color has-link-color has-medium-font-size wp-elements-18330800a2ee7dca0ef0b4ae4a8a4d83\" style=\"color:#bb9999;letter-spacing:1px\">Afslapning og bedre kropsfornemmelse<\/li>\n\n\n\n<li class=\"has-text-color has-link-color has-medium-font-size wp-elements-a37cf23b478ebdf776a242cab0d6b892\" style=\"color:#bb9999;letter-spacing:1px\">Tid og omsorg \u2013 kun til dig og din graviditet<\/li>\n<\/ul>\n\n\n\n<p class=\"has-text-color has-link-color has-medium-font-size wp-elements-7032bb390359f5db360614d6077fede1 wp-block-paragraph\" style=\"color:#bb9999;letter-spacing:1px\">Giv dig selv en pause, hvor du kan lande i kroppen og m\u00e6rke forbindelsen til din baby.<\/p>\n\n\n\n<p class=\"has-text-color has-link-color has-medium-font-size wp-elements-da6e9a33c9e90bf41d714334a6f5445b wp-block-paragraph\" style=\"color:#bb9999;letter-spacing:1px\">Book din gravidmassage og fork\u00e6l dig selv \u2013 du fortjener det.<br><br>Du har mulighed for at f\u00e5 tilskud fra Sygeforsikringen &#8220;danmark&#8221; ved tilk\u00f8b af jordemodersamtale.<\/p>\n\n\n\n<div class=\"wp-block-buttons is-layout-flex wp-block-buttons-is-layout-flex\">\n<div class=\"wp-block-button\"><a class=\"wp-block-button__link has-secondary-background-color has-text-color has-background has-link-color wp-element-button\" href=\"https:\/\/www.emmasjordemoderklinik.dk\/?page_id=208\" style=\"color:#f4f1ea\">L\u00e6s mere om jordemodersamtale her<\/a><\/div>\n<\/div>\n\n\n\n<p class=\"has-text-color has-link-color has-medium-font-size wp-elements-c37ba12dc7d82764b06aeeae33fc47ed wp-block-paragraph\" style=\"color:#bb9999;letter-spacing:1px\"><\/p>\n\n\n\n<figure class=\"wp-block-image size-large is-resized\"><img fetchpriority=\"high\" decoding=\"async\" width=\"819\" height=\"1024\" src=\"https:\/\/www.emmasjordemoderklinik.dk\/wp-content\/uploads\/2026\/02\/29-819x1024.jpg\" alt=\"\" class=\"wp-image-293\" style=\"width:497px;height:auto\" srcset=\"http:\/\/www.emmasjordemoderklinik.dk\/wp-content\/uploads\/2026\/02\/29-819x1024.jpg 819w, http:\/\/www.emmasjordemoderklinik.dk\/wp-content\/uploads\/2026\/02\/29-240x300.jpg 240w, http:\/\/www.emmasjordemoderklinik.dk\/wp-content\/uploads\/2026\/02\/29.jpg 1080w\" sizes=\"(max-width: 819px) 100vw, 819px\" \/><\/figure>\n","protected":false},"excerpt":{"rendered":"<p>GRAVIDMASSAGE Graviditeten er en stor omv\u00e6ltning for b\u00e5de krop og sind. Med gravidmassage f\u00e5r du et velfortjent pusterum \u2013 et \u00f8jeblik med ro, n\u00e6rv\u00e6r og blid ber\u00f8ring, der er tilpasset netop din gravide krop. Massagen kan lindre sp\u00e6ndinger i ryg, l\u00e6nd, b\u00e6kken og skuldre, mindske uro i kroppen og give dig dyb afslapning. Samtidig underst\u00f8tter &hellip; <\/p>\n<p class=\"link-more\"><a href=\"http:\/\/www.emmasjordemoderklinik.dk\/?page_id=142\" class=\"more-link\">L\u00e6s mere<span class=\"screen-reader-text\"> \u201cGravidmassage\u201d<\/span><\/a><\/p>\n","protected":false},"author":1,"featured_media":0,"parent":0,"menu_order":0,"comment_status":"closed","ping_status":"closed","template":"","meta":{"_crdt_document":"","_inspiro_hide_title":false,"footnotes":""},"class_list":["post-142","page","type-page","status-publish","hentry"],"_links":{"self":[{"href":"http:\/\/www.emmasjordemoderklinik.dk\/index.php?rest_route=\/wp\/v2\/pages\/142","targetHints":{"allow":["GET"]}}],"collection":[{"href":"http:\/\/www.emmasjordemoderklinik.dk\/index.php?rest_route=\/wp\/v2\/pages"}],"about":[{"href":"http:\/\/www.emmasjordemoderklinik.dk\/index.php?rest_route=\/wp\/v2\/types\/page"}],"author":[{"embeddable":true,"href":"http:\/\/www.emmasjordemoderklinik.dk\/index.php?rest_route=\/wp\/v2\/users\/1"}],"replies":[{"embeddable":true,"href":"http:\/\/www.emmasjordemoderklinik.dk\/index.php?rest_route=%2Fwp%2Fv2%2Fcomments&post=142"}],"version-history":[{"count":7,"href":"http:\/\/www.emmasjordemoderklinik.dk\/index.php?rest_route=\/wp\/v2\/pages\/142\/revisions"}],"predecessor-version":[{"id":337,"href":"http:\/\/www.emmasjordemoderklinik.dk\/index.php?rest_route=\/wp\/v2\/pages\/142\/revisions\/337"}],"wp:attachment":[{"href":"http:\/\/www.emmasjordemoderklinik.dk\/index.php?rest_route=%2Fwp%2Fv2%2Fmedia&parent=142"}],"curies":[{"name":"wp","href":"https:\/\/api.w.org\/{rel}","templated":true}]}}