{"id":134,"date":"2026-02-22T15:21:04","date_gmt":"2026-02-22T15:21:04","guid":{"rendered":"http:\/\/www.emmasjordemoderklinik.dk\/?page_id=134"},"modified":"2026-02-23T19:11:35","modified_gmt":"2026-02-23T19:11:35","slug":"jordemoder-emma","status":"publish","type":"page","link":"http:\/\/www.emmasjordemoderklinik.dk\/?page_id=134","title":{"rendered":"Jordemoder Emma"},"content":{"rendered":"\n<h3 class=\"wp-block-heading has-secondary-color has-text-color has-link-color wp-elements-7e6b0c9118ca02493a47c9438f6f9288\" style=\"font-size:clamp(17.905px, 1.119rem + ((1vw - 3.2px) * 0.893), 28px);letter-spacing:1px\">JORDEMODER EMMA<\/h3>\n\n\n\n<p class=\"has-text-color has-link-color has-medium-font-size wp-elements-5df851ab6005d69a2ac9dc7b436f93d1 wp-block-paragraph\" style=\"color:#bb9999;letter-spacing:1px\">Jeg hedder Emma, og jeg er uddannet jordemoder, certificeret gravidyogainstrukt\u00f8r, certificeret i obstetrisk akupunktur og har erfaring med gravid &#8211; og rebozomassage. Mit hjerte banker for at skabe trygge rammer for gravide og nybagte m\u00f8dre.<br><br>Jeg har arbejdet som praktiserende jordemoder p\u00e5 en dejlig f\u00f8degang og desuden, har jeg mit andet hjertebarn af en virksomhed sammen med min samarbejdspartner Sofie &#8211; ModerRo. Her kan du, som gravid, komme p\u00e5 de sk\u00f8nneste retreats for gravide. Der vil du modtage jordemoderfaglig f\u00f8dselsforberedelse og sparring, f\u00f8dselsforberende yoga, n\u00e6rende mad og meget meget mere. Find ud af mere p\u00e5 www.moderro.dk eller find os p\u00e5 Instagram &#8211; @moderro_retreats. <br><br>I klinikken er tempoet skruet ned, s\u00e5 der er plads til dine sp\u00f8rgsm\u00e5l, tanker og behov. Uanset om du kommer til jordemodersamtale, massage eller en af mine \u00f8vrige ydelser, bliver du m\u00f8dt med omsorg, n\u00e6rv\u00e6r og faglighed.<\/p>\n\n\n\n<figure class=\"wp-block-image size-large is-resized\"><img fetchpriority=\"high\" decoding=\"async\" width=\"768\" height=\"1024\" src=\"http:\/\/www.emmasjordemoderklinik.dk\/wp-content\/uploads\/2026\/02\/677ba4eb-3994-49c4-8665-573098204f36-1-768x1024.jpeg\" alt=\"\" class=\"wp-image-136\" style=\"aspect-ratio:0.7500113775997815;width:443px;height:auto\" srcset=\"http:\/\/www.emmasjordemoderklinik.dk\/wp-content\/uploads\/2026\/02\/677ba4eb-3994-49c4-8665-573098204f36-1-768x1024.jpeg 768w, http:\/\/www.emmasjordemoderklinik.dk\/wp-content\/uploads\/2026\/02\/677ba4eb-3994-49c4-8665-573098204f36-1-225x300.jpeg 225w, http:\/\/www.emmasjordemoderklinik.dk\/wp-content\/uploads\/2026\/02\/677ba4eb-3994-49c4-8665-573098204f36-1.jpeg 1536w\" sizes=\"(max-width: 768px) 100vw, 768px\" \/><\/figure>\n","protected":false},"excerpt":{"rendered":"<p>JORDEMODER EMMA Jeg hedder Emma, og jeg er uddannet jordemoder, certificeret gravidyogainstrukt\u00f8r, certificeret i obstetrisk akupunktur og har erfaring med gravid &#8211; og rebozomassage. Mit hjerte banker for at skabe trygge rammer for gravide og nybagte m\u00f8dre. Jeg har arbejdet som praktiserende jordemoder p\u00e5 en dejlig f\u00f8degang og desuden, har jeg mit andet hjertebarn af &hellip; <\/p>\n<p class=\"link-more\"><a href=\"http:\/\/www.emmasjordemoderklinik.dk\/?page_id=134\" class=\"more-link\">L\u00e6s mere<span class=\"screen-reader-text\"> \u201cJordemoder Emma\u201d<\/span><\/a><\/p>\n","protected":false},"author":1,"featured_media":0,"parent":0,"menu_order":0,"comment_status":"closed","ping_status":"closed","template":"","meta":{"_crdt_document":"","_inspiro_hide_title":false,"footnotes":""},"class_list":["post-134","page","type-page","status-publish","hentry"],"_links":{"self":[{"href":"http:\/\/www.emmasjordemoderklinik.dk\/index.php?rest_route=\/wp\/v2\/pages\/134","targetHints":{"allow":["GET"]}}],"collection":[{"href":"http:\/\/www.emmasjordemoderklinik.dk\/index.php?rest_route=\/wp\/v2\/pages"}],"about":[{"href":"http:\/\/www.emmasjordemoderklinik.dk\/index.php?rest_route=\/wp\/v2\/types\/page"}],"author":[{"embeddable":true,"href":"http:\/\/www.emmasjordemoderklinik.dk\/index.php?rest_route=\/wp\/v2\/users\/1"}],"replies":[{"embeddable":true,"href":"http:\/\/www.emmasjordemoderklinik.dk\/index.php?rest_route=%2Fwp%2Fv2%2Fcomments&post=134"}],"version-history":[{"count":7,"href":"http:\/\/www.emmasjordemoderklinik.dk\/index.php?rest_route=\/wp\/v2\/pages\/134\/revisions"}],"predecessor-version":[{"id":308,"href":"http:\/\/www.emmasjordemoderklinik.dk\/index.php?rest_route=\/wp\/v2\/pages\/134\/revisions\/308"}],"wp:attachment":[{"href":"http:\/\/www.emmasjordemoderklinik.dk\/index.php?rest_route=%2Fwp%2Fv2%2Fmedia&parent=134"}],"curies":[{"name":"wp","href":"https:\/\/api.w.org\/{rel}","templated":true}]}}